{"id":1917,"date":"2024-03-04T16:07:28","date_gmt":"2024-03-04T16:07:28","guid":{"rendered":"https:\/\/globalonur.ro\/?page_id=1917"},"modified":"2024-03-10T11:44:07","modified_gmt":"2024-03-10T11:44:07","slug":"tevi","status":"publish","type":"page","link":"https:\/\/globalonur.ro\/hu\/produse\/tevi\/","title":{"rendered":"HDPE Cs\u00f6vek"},"content":{"rendered":"<section class=\"wpb-content-wrapper\"><div class=\"vc_row wpb_row vc_row-fluid vc_custom_1709826031341 bg-image-ps-inherit\"><div class=\"wpb_column vc_column_container vc_col-sm-12\"><div class=\"vc_column-inner\"><div class=\"wpb_wrapper\"><div id=\"ct-heading\" class=\"ct-heading align-center align-center-md align-center-sm align-center-xs\">\n    \n    \n                    <div class=\"ct-heading-sub sub- style1\" >\n            <span ><\/span>\n            HDPE Cs\u00f6vek                    <\/div>\n        <h3 class=\"ct-heading-tag typing-style1\" style=\"color:#162171; \">\n                                    A PE (polietil\u00e9n) az egyik legfontosabb m\u0171anyag, \u00e9vente milli\u00f3 tonn\u00e1nyit haszn\u00e1lnak vil\u00e1gszerte.                                        <\/h3>\n            <div class=\"h-gap\"><i ><\/i><\/div>\n        <\/div><div id=\"ct-text-block-69d2b4da26aba\" class=\"ct-text-block1   text-left\" style=\"\">\n    <div class=\"ct-inline-css\"  data-css=\"                \">\n    <\/div>\n    <p>A PE term\u00e9keknek kedvez\u0151 \u00f6kol\u00f3giai tulajdons\u00e1gaik is vannak:<br \/>\n- az \u00fajrahasznos\u00edt\u00e1si folyamat technikailag fejlett, \u00edgy a polietil\u00e9n \u00fajrahasznos\u00edt\u00e1sa nagyon hat\u00e9kony.<\/p>\n<p><strong><b>A v\u00edzsz\u00e1ll\u00edt\u00f3 cs\u00f6veket<\/b><\/strong>\u00a0egys\u00e9gesen feket\u00e9re festik, k\u00e9k hosszanti cs\u00edkokkal (v\u00edz eset\u00e9n) jel\u00f6lve. A polietil\u00e9n cs\u00f6vek sima bels\u0151 \u00e9s k\u00fcls\u0151 fel\u00fclettel rendelkeznek, rugalmasak, \u00e9s k\u00fcls\u0151 h\u0151m\u00e9rs\u00e9kleten -30\u00b0C-ig ellen\u00e1llnak.<\/p>\n<p>Az \u00e9lettartam\u00e1t legal\u00e1bb <strong><b>50 \u00e9vre<\/b><\/strong>\u00a0becs\u00fclik, ha a nyom\u00e1s- \u00e9s h\u0151m\u00e9rs\u00e9kleti felt\u00e9teleket, valamint a telep\u00edt\u00e9si technol\u00f3gi\u00e1t betartj\u00e1k.<\/p>\n<\/div><\/div><\/div><\/div><\/div><div class=\"vc_row wpb_row vc_row-fluid vc_custom_1709825304723 bg-image-ps-inherit\"><div class=\"wpb_column vc_column_container vc_col-sm-6\"><div class=\"vc_column-inner\"><div class=\"wpb_wrapper\">\n\t<div  class=\"wpb_single_image wpb_content_element vc_align_left  inherit inherit\">\n\t\t\n\t\t<figure class=\"wpb_wrapper vc_figure\">\n\t\t\t<div class=\"vc_single_image-wrapper default  vc_box_border_grey\"><img loading=\"lazy\" decoding=\"async\" width=\"929\" height=\"810\" src=\"https:\/\/globalonur.ro\/wp-content\/uploads\/2024\/02\/IMG-20231031-WA0002.jpg\" class=\"vc_single_image-img attachment-full\" alt=\"\" title=\"IMG-20231031-WA0002\" srcset=\"https:\/\/globalonur.ro\/wp-content\/uploads\/2024\/02\/IMG-20231031-WA0002.jpg 929w, https:\/\/globalonur.ro\/wp-content\/uploads\/2024\/02\/IMG-20231031-WA0002-768x670.jpg 768w, https:\/\/globalonur.ro\/wp-content\/uploads\/2024\/02\/IMG-20231031-WA0002-14x12.jpg 14w\" sizes=\"auto, (max-width: 929px) 100vw, 929px\" \/><\/div>\n\t\t<\/figure>\n\t<\/div>\n<\/div><\/div><\/div><div class=\"wpb_column vc_column_container vc_col-sm-6\"><div class=\"vc_column-inner\"><div class=\"wpb_wrapper\"><div id=\"ct-heading-2\" class=\"ct-heading align-left align-left-md align-left-sm align-left-xs\">\n    \n    \n                    <div class=\"ct-heading-sub sub- style1\" >\n            <span ><\/span>\n            HDPE Cs\u00f6vek                    <\/div>\n        <h3 class=\"ct-heading-tag typing-style1\" style=\"color:#162171; \">\n                                    Polietil\u00e9n cs\u00f6vek                                        <\/h3>\n            <div class=\"h-gap\"><i ><\/i><\/div>\n        <\/div><div id=\"ct-text-block-69d2b4da27c2c\" class=\"ct-text-block1   text-left\" style=\"\">\n    <div class=\"ct-inline-css\"  data-css=\"                \">\n    <\/div>\n    <p>A polietil\u00e9n cs\u00f6veket polietil\u00e9n granul\u00e1tumok extrud\u00e1l\u00e1s\u00e1val \u00e1ll\u00edtj\u00e1k el\u0151 (PE80 vagy PE100). A magas s\u0171r\u0171s\u00e9g\u0171 polietil\u00e9n (HDPE) etil\u00e9nb\u0151l sz\u00e1rmaz\u00f3 termoplasztikus polimer. A HDPE cs\u00f6veket nagyon j\u00f3 mechanikai viselked\u00e9s, kiv\u00e1l\u00f3 vegyi ellen\u00e1ll\u00e1s, UV-sug\u00e1rz\u00e1ssal, korrozi\u00f3val \u00e9s kop\u00e1ssal szembeni ellen\u00e1ll\u00e1s, valamint alacsony h\u0151m\u00e9rs\u00e9kleti ellen\u00e1ll\u00e1s jellemzi.<\/p>\n<\/div><\/div><\/div><\/div><\/div><div class=\"vc_row wpb_row vc_row-fluid vc_custom_1709825482842 bg-image-ps-inherit\"><div class=\"wpb_column vc_column_container vc_col-sm-6\"><div class=\"vc_column-inner\"><div class=\"wpb_wrapper\"><div id=\"ct-heading-3\" class=\"ct-heading align-left align-left-md align-left-sm align-left-xs\">\n    \n    \n                    <div class=\"ct-heading-sub sub- style1\" >\n            <span ><\/span>\n            HDPE Cs\u00f6vek                    <\/div>\n        <h3 class=\"ct-heading-tag typing-style1\" style=\"color:#162171; \">\n                                    Polietil\u00e9n cs\u00f6vek                                        <\/h3>\n            <div class=\"h-gap\"><i ><\/i><\/div>\n        <\/div><div id=\"ct-text-block-69d2b4da284b9\" class=\"ct-text-block1   text-left\" style=\"\">\n    <div class=\"ct-inline-css\"  data-css=\"                \">\n    <\/div>\n    <p>A polietil\u00e9n cs\u00f6veknek sz\u00e1mos felhaszn\u00e1l\u00e1si ter\u00fclete van:<br \/>\n- a h\u00e1ztart\u00e1si \u00e9s ipari fogyaszt\u00f3k iv\u00f3v\u00edzh\u00e1l\u00f3zata;<br \/>\n- \u00f6nt\u00f6z\u00e9si h\u00e1l\u00f3zatok \u00e9s v\u00edzgazd\u00e1lkod\u00e1s;<br \/>\n- szennyv\u00edzh\u00e1l\u00f3zatok, gravit\u00e1ci\u00f3s vagy nyom\u00e1s alatt;<br \/>\n- bels\u0151 szennyv\u00edzh\u00e1l\u00f3zatok \u00e9p\u00edt\u00e9s\u00e9hez;<br \/>\n- v\u00e9delmi rendszerek elektromos k\u00e1belekhez;<br \/>\n- \u00e9lelmiszer- vagy ipari folyad\u00e9kok sz\u00e1ll\u00edt\u00e1sa;<br \/>\n- v\u00e9delmi cs\u00f6vek h\u0151szigetelt rendszerekben.<\/p>\n<\/div><\/div><\/div><\/div><div class=\"wpb_column vc_column_container vc_col-sm-6\"><div class=\"vc_column-inner\"><div class=\"wpb_wrapper\">\n\t<div  class=\"wpb_single_image wpb_content_element vc_align_left  inherit inherit\">\n\t\t\n\t\t<figure class=\"wpb_wrapper vc_figure\">\n\t\t\t<div class=\"vc_single_image-wrapper default  vc_box_border_grey\"><img loading=\"lazy\" decoding=\"async\" width=\"895\" height=\"916\" src=\"https:\/\/globalonur.ro\/wp-content\/uploads\/2024\/02\/IMG-20231031-WA0004.jpg\" class=\"vc_single_image-img attachment-full\" alt=\"\" title=\"IMG-20231031-WA0004\" srcset=\"https:\/\/globalonur.ro\/wp-content\/uploads\/2024\/02\/IMG-20231031-WA0004.jpg 895w, https:\/\/globalonur.ro\/wp-content\/uploads\/2024\/02\/IMG-20231031-WA0004-768x786.jpg 768w, https:\/\/globalonur.ro\/wp-content\/uploads\/2024\/02\/IMG-20231031-WA0004-12x12.jpg 12w\" sizes=\"auto, (max-width: 895px) 100vw, 895px\" \/><\/div>\n\t\t<\/figure>\n\t<\/div>\n<\/div><\/div><\/div><\/div><div class=\"vc_row wpb_row vc_row-fluid vc_custom_1709825680205 bg-image-ps-inherit\"><div class=\"wpb_column vc_column_container vc_col-sm-12\"><div class=\"vc_column-inner\"><div class=\"wpb_wrapper\"><div id=\"ct-text-block-69d2b4da28ff1\" class=\"ct-text-block1   text-left\" style=\"\">\n    <div class=\"ct-inline-css\"  data-css=\"                \">\n    <\/div>\n<ol>\n<li><strong>KEZELHET\u0150S\u00c9G<\/strong> A PE cs\u0151rendszer alkatr\u00e9szeinek alacsony s\u00falya rendk\u00edv\u00fcl magas man\u0151verezhet\u0151s\u00e9get biztos\u00edt a sz\u00e1ll\u00edt\u00e1s, t\u00e1rol\u00e1s, kezel\u00e9s \u00e9s telep\u00edt\u00e9s tekintet\u00e9ben.<\/li>\n<li><strong>HEGESZTHET\u0150S\u00c9G<\/strong> Ez a t\u00edpus\u00fa rendszer alapvet\u0151 jellemz\u0151je. A rendszer \u00f6sszetev\u0151it k\u00fcl\u00f6nf\u00e9le speci\u00e1lis hegeszt\u00e9si technol\u00f3gi\u00e1kkal lehet \u00f6sszekapcsolni, amelyek a kivitelez\u0151k rendelkez\u00e9s\u00e9re \u00e1llnak.<\/li>\n<li><strong>NYOM\u00c1SVESZTES\u00c9G<\/strong> A cs\u00f6vek \u00e9s illeszt\u00e9kek bels\u0151 fel\u00fclete rendk\u00edv\u00fcl sima, \u00edgy nem alakulnak ki anyaglerak\u00f3d\u00e1sok a belsej\u00e9ben, \u00e9s a nyom\u00e1svesztes\u00e9gek minim\u00e1lisra cs\u00f6kkennek.<\/li>\n<li><strong>FAGY\u00c1S\u00c1LL\u00d3S\u00c1G<\/strong> A polietil\u00e9n rugalmass\u00e1ga lehet\u0151v\u00e9 teszi a cs\u0151szakasz terjeszked\u00e9s\u00e9t, ha a sz\u00e1ll\u00edtott folyad\u00e9k megfagy, \u00edgy n\u00f6velve a t\u00e9rfogat\u00e1t.<\/li>\n<li><strong>VEGYSZER\u00c1LL\u00d3S\u00c1G<\/strong> Mind a PE cs\u00f6vek, mind az illeszt\u00e9kek nagy vegyi ellen\u00e1ll\u00e1ssal rendelkeznek a legt\u00f6bb vizes oldattal, a talaj anyagainak agressz\u00edv hat\u00e1s\u00e1val, a szervetlen s\u00f3kkal \u00e9s a legt\u00f6bb savakkal \u00e9s b\u00e1zisokkal szemben, m\u00e9g nagy koncentr\u00e1ci\u00f3k \u00e9s magas h\u0151m\u00e9rs\u00e9klet eset\u00e9n is.<\/li>\n<li><strong>KOP\u00c1S- \u00c9S KORROZI\u00d3\u00c1LL\u00d3S\u00c1G<\/strong> Ezek a tulajdons\u00e1gok lehet\u0151v\u00e9 teszik a folyad\u00e9kok 7 m\/s feletti sebess\u00e9g\u0171 sz\u00e1ll\u00edt\u00e1s\u00e1t, m\u00e9g savas vagy l\u00fagos anyagok eset\u00e9n is, 1 \u00e9s 14 pH-\u00e9rt\u00e9kek k\u00f6z\u00f6tt.<\/li>\n<li><strong>FELSZEREL\u00c9S<\/strong> A polietil\u00e9nb\u0151l k\u00e9sz\u00fclt v\u00edzh\u00e1l\u00f3zatok \u00e9lettartam\u00e1t nagym\u00e9rt\u00e9kben befoly\u00e1solja az elhelyez\u00e9s\/fektet\u00e9s m\u00f3dja, az alap\u00e1gy, valamint a t\u00f6m\u00f6r\u00edt\u00e9s m\u00e9rt\u00e9ke<\/li>\n<\/ol>\n<p>A cs\u0151 \u00e1tm\u00e9r\u0151j\u00e9nek, a terep jellemz\u0151inek \u00e9s a cs\u0151 fektet\u00e9si m\u00e9lys\u00e9g\u00e9nek a cs\u0151fesz\u00fclts\u00e9gekre \u00e9s alakv\u00e1ltoz\u00e1saira gyakorolt hat\u00e1sa elhanyagolhat\u00f3. A g\u00e9pj\u00e1rm\u0171forgalom \u00e1ltal okozott terhek hat\u00e1sa csak az 1 m-n\u00e9l kisebb m\u00e9lys\u00e9g\u0171 elhelyezked\u00e9sn\u00e9l mutatkozik meg. Az elhelyez\u00e9s min\u0151s\u00e9ge, a felhaszn\u00e1lt anyag \u00e9s a t\u00f6m\u00f6r\u00edt\u00e9s foka d\u00f6nt\u0151 jelent\u0151s\u00e9g\u0171 a deform\u00e1ci\u00f3k szempontj\u00e1b\u00f3l.<\/p>\n<\/div><\/div><\/div><\/div><\/div>\n<\/section>","protected":false},"excerpt":{"rendered":"\u021aevi HDPE PE este unul dintre cele mai importante materiale plastice, din care milioane de tone sunt folosite anual \u00een diverse scopuri din lume. Produsele PE au \u0219i propriet\u0103\u021bi ecologice favorabile: &#8211; procesul recicl\u0103rii din punct de vedere tehnic este dezvoltat\u0103 \u0219i astfel reciclarea polietilenei este foarte eficient\u0103; \u021aevile pentru transportul apei\u00a0sunt de culoare neagr\u0103-omogen\u0103 [...]","protected":false},"author":1,"featured_media":1893,"parent":1848,"menu_order":0,"comment_status":"closed","ping_status":"closed","template":"","meta":{"footnotes":""},"class_list":["post-1917","page","type-page","status-publish","has-post-thumbnail","hentry"],"yoast_head":"<!-- This site is optimized with the Yoast SEO plugin v20.10 - https:\/\/yoast.com\/wordpress\/plugins\/seo\/ -->\n<title>\u021aevi HDPE - Globalonur<\/title>\n<meta name=\"robots\" content=\"index, follow, max-snippet:-1, max-image-preview:large, max-video-preview:-1\" \/>\n<link rel=\"canonical\" href=\"https:\/\/globalonur.ro\/hu\/produse\/tevi\/\" \/>\n<meta property=\"og:locale\" content=\"hu_HU\" \/>\n<meta property=\"og:type\" content=\"article\" \/>\n<meta property=\"og:title\" content=\"\u021aevi HDPE - Globalonur\" \/>\n<meta property=\"og:url\" content=\"https:\/\/globalonur.ro\/hu\/produse\/tevi\/\" \/>\n<meta property=\"og:site_name\" content=\"Globalonur\" \/>\n<meta property=\"article:publisher\" content=\"https:\/\/www.facebook.com\/profile.php?id=100088675112422\" \/>\n<meta property=\"article:modified_time\" content=\"2024-03-10T11:44:07+00:00\" \/>\n<meta property=\"og:image\" content=\"https:\/\/globalonur.ro\/wp-content\/uploads\/2024\/02\/IMG-20231031-WA0005.jpg\" \/>\n\t<meta property=\"og:image:width\" content=\"929\" \/>\n\t<meta property=\"og:image:height\" content=\"595\" \/>\n\t<meta property=\"og:image:type\" content=\"image\/jpeg\" \/>\n<meta name=\"twitter:card\" content=\"summary_large_image\" \/>\n<script type=\"application\/ld+json\" class=\"yoast-schema-graph\">{\"@context\":\"https:\/\/schema.org\",\"@graph\":[{\"@type\":\"WebPage\",\"@id\":\"https:\/\/globalonur.ro\/produse\/tevi\/\",\"url\":\"https:\/\/globalonur.ro\/produse\/tevi\/\",\"name\":\"\u021aevi HDPE - Globalonur\",\"isPartOf\":{\"@id\":\"https:\/\/globalonur.ro\/hu\/#website\"},\"datePublished\":\"2024-03-04T16:07:28+00:00\",\"dateModified\":\"2024-03-10T11:44:07+00:00\",\"breadcrumb\":{\"@id\":\"https:\/\/globalonur.ro\/produse\/tevi\/#breadcrumb\"},\"inLanguage\":\"hu\",\"potentialAction\":[{\"@type\":\"ReadAction\",\"target\":[\"https:\/\/globalonur.ro\/produse\/tevi\/\"]}]},{\"@type\":\"BreadcrumbList\",\"@id\":\"https:\/\/globalonur.ro\/produse\/tevi\/#breadcrumb\",\"itemListElement\":[{\"@type\":\"ListItem\",\"position\":1,\"name\":\"Home\",\"item\":\"https:\/\/globalonur.ro\/\"},{\"@type\":\"ListItem\",\"position\":2,\"name\":\"Produse\",\"item\":\"https:\/\/globalonur.ro\/produse\/\"},{\"@type\":\"ListItem\",\"position\":3,\"name\":\"\u021aevi HDPE\"}]},{\"@type\":\"WebSite\",\"@id\":\"https:\/\/globalonur.ro\/hu\/#website\",\"url\":\"https:\/\/globalonur.ro\/hu\/\",\"name\":\"Globalonur\",\"description\":\"Colectarea Eliminarea De\u0219eurilor Plastice.\",\"publisher\":{\"@id\":\"https:\/\/globalonur.ro\/hu\/#organization\"},\"alternateName\":\"Global onur plas\",\"potentialAction\":[{\"@type\":\"SearchAction\",\"target\":{\"@type\":\"EntryPoint\",\"urlTemplate\":\"https:\/\/globalonur.ro\/hu\/?s={search_term_string}\"},\"query-input\":\"required name=search_term_string\"}],\"inLanguage\":\"hu\"},{\"@type\":\"Organization\",\"@id\":\"https:\/\/globalonur.ro\/hu\/#organization\",\"name\":\"Global Onur Plas\",\"alternateName\":\"S.C. GLOBAL ONUR PLAS S.R.L.\",\"url\":\"https:\/\/globalonur.ro\/hu\/\",\"logo\":{\"@type\":\"ImageObject\",\"inLanguage\":\"hu\",\"@id\":\"https:\/\/globalonur.ro\/hu\/#\/schema\/logo\/image\/\",\"url\":\"https:\/\/globalonur.ro\/wp-content\/uploads\/2022\/12\/logoglobal-2-e1671467123300.jpg\",\"contentUrl\":\"https:\/\/globalonur.ro\/wp-content\/uploads\/2022\/12\/logoglobal-2-e1671467123300.jpg\",\"width\":474,\"height\":114,\"caption\":\"Global Onur Plas\"},\"image\":{\"@id\":\"https:\/\/globalonur.ro\/hu\/#\/schema\/logo\/image\/\"},\"sameAs\":[\"https:\/\/www.facebook.com\/profile.php?id=100088675112422\"]}]}<\/script>\n<!-- \/ Yoast SEO plugin. -->","yoast_head_json":{"title":"\u021aevi HDPE - Globalonur","robots":{"index":"index","follow":"follow","max-snippet":"max-snippet:-1","max-image-preview":"max-image-preview:large","max-video-preview":"max-video-preview:-1"},"canonical":"https:\/\/globalonur.ro\/hu\/produse\/tevi\/","og_locale":"hu_HU","og_type":"article","og_title":"\u021aevi HDPE - Globalonur","og_url":"https:\/\/globalonur.ro\/hu\/produse\/tevi\/","og_site_name":"Globalonur","article_publisher":"https:\/\/www.facebook.com\/profile.php?id=100088675112422","article_modified_time":"2024-03-10T11:44:07+00:00","og_image":[{"width":929,"height":595,"url":"https:\/\/globalonur.ro\/wp-content\/uploads\/2024\/02\/IMG-20231031-WA0005.jpg","type":"image\/jpeg"}],"twitter_card":"summary_large_image","schema":{"@context":"https:\/\/schema.org","@graph":[{"@type":"WebPage","@id":"https:\/\/globalonur.ro\/produse\/tevi\/","url":"https:\/\/globalonur.ro\/produse\/tevi\/","name":"\u021aevi HDPE - Globalonur","isPartOf":{"@id":"https:\/\/globalonur.ro\/hu\/#website"},"datePublished":"2024-03-04T16:07:28+00:00","dateModified":"2024-03-10T11:44:07+00:00","breadcrumb":{"@id":"https:\/\/globalonur.ro\/produse\/tevi\/#breadcrumb"},"inLanguage":"hu","potentialAction":[{"@type":"ReadAction","target":["https:\/\/globalonur.ro\/produse\/tevi\/"]}]},{"@type":"BreadcrumbList","@id":"https:\/\/globalonur.ro\/produse\/tevi\/#breadcrumb","itemListElement":[{"@type":"ListItem","position":1,"name":"Home","item":"https:\/\/globalonur.ro\/"},{"@type":"ListItem","position":2,"name":"Produse","item":"https:\/\/globalonur.ro\/produse\/"},{"@type":"ListItem","position":3,"name":"\u021aevi HDPE"}]},{"@type":"WebSite","@id":"https:\/\/globalonur.ro\/hu\/#website","url":"https:\/\/globalonur.ro\/hu\/","name":"Globalonur","description":"Colectarea Eliminarea De\u0219eurilor Plastice.","publisher":{"@id":"https:\/\/globalonur.ro\/hu\/#organization"},"alternateName":"Global onur plas","potentialAction":[{"@type":"SearchAction","target":{"@type":"EntryPoint","urlTemplate":"https:\/\/globalonur.ro\/hu\/?s={search_term_string}"},"query-input":"required name=search_term_string"}],"inLanguage":"hu"},{"@type":"Organization","@id":"https:\/\/globalonur.ro\/hu\/#organization","name":"Global Onur Plas","alternateName":"S.C. GLOBAL ONUR PLAS S.R.L.","url":"https:\/\/globalonur.ro\/hu\/","logo":{"@type":"ImageObject","inLanguage":"hu","@id":"https:\/\/globalonur.ro\/hu\/#\/schema\/logo\/image\/","url":"https:\/\/globalonur.ro\/wp-content\/uploads\/2022\/12\/logoglobal-2-e1671467123300.jpg","contentUrl":"https:\/\/globalonur.ro\/wp-content\/uploads\/2022\/12\/logoglobal-2-e1671467123300.jpg","width":474,"height":114,"caption":"Global Onur Plas"},"image":{"@id":"https:\/\/globalonur.ro\/hu\/#\/schema\/logo\/image\/"},"sameAs":["https:\/\/www.facebook.com\/profile.php?id=100088675112422"]}]}},"_links":{"self":[{"href":"https:\/\/globalonur.ro\/hu\/wp-json\/wp\/v2\/pages\/1917","targetHints":{"allow":["GET"]}}],"collection":[{"href":"https:\/\/globalonur.ro\/hu\/wp-json\/wp\/v2\/pages"}],"about":[{"href":"https:\/\/globalonur.ro\/hu\/wp-json\/wp\/v2\/types\/page"}],"author":[{"embeddable":true,"href":"https:\/\/globalonur.ro\/hu\/wp-json\/wp\/v2\/users\/1"}],"replies":[{"embeddable":true,"href":"https:\/\/globalonur.ro\/hu\/wp-json\/wp\/v2\/comments?post=1917"}],"version-history":[{"count":6,"href":"https:\/\/globalonur.ro\/hu\/wp-json\/wp\/v2\/pages\/1917\/revisions"}],"predecessor-version":[{"id":1950,"href":"https:\/\/globalonur.ro\/hu\/wp-json\/wp\/v2\/pages\/1917\/revisions\/1950"}],"up":[{"embeddable":true,"href":"https:\/\/globalonur.ro\/hu\/wp-json\/wp\/v2\/pages\/1848"}],"wp:featuredmedia":[{"embeddable":true,"href":"https:\/\/globalonur.ro\/hu\/wp-json\/wp\/v2\/media\/1893"}],"wp:attachment":[{"href":"https:\/\/globalonur.ro\/hu\/wp-json\/wp\/v2\/media?parent=1917"}],"curies":[{"name":"wp","href":"https:\/\/api.w.org\/{rel}","templated":true}]}}