{"id":1840,"date":"2023-11-18T10:31:42","date_gmt":"2023-11-18T10:31:42","guid":{"rendered":"https:\/\/globalonur.ro\/?page_id=1840"},"modified":"2024-03-08T15:30:55","modified_gmt":"2024-03-08T15:30:55","slug":"despre-noi","status":"publish","type":"page","link":"https:\/\/globalonur.ro\/hu\/despre-noi\/","title":{"rendered":"R\u00f3lunk"},"content":{"rendered":"<section class=\"wpb-content-wrapper\"><div id=\"about\" data-vc-full-width=\"true\" data-vc-full-width-init=\"false\" class=\"vc_row wpb_row vc_row-fluid vc_custom_1569550172639 bg-image-ps-inherit\"><div class=\"wpb_column vc_column_container vc_col-sm-6\"><div class=\"vc_column-inner vc_custom_1569809472274\"><div class=\"wpb_wrapper\">\n<div id=\"ct-single-image\" class=\"ct-single-image   text-center img-style1    wpb_animate_when_almost_visible wpb_fadeInLeft fadeInLeft\" >\n\t    \t\t<img loading=\"lazy\" decoding=\"async\" width=\"1413\" height=\"1536\" src=\"https:\/\/globalonur.ro\/wp-content\/uploads\/2023\/01\/h5-layer1-scaled-e1673358311274.jpg\" class=\"attachment-full\" alt=\"Global Onur Plas\" title=\"h5-layer1\" \/>\t<\/div>\n<div id=\"ct-image-section\" class=\"ct-image-section  slide-based  hidde-sm\" style=\"right:-120px;bottom:0px;left:-30px;\" >\n\t<img loading=\"lazy\" decoding=\"async\" width=\"2170\" height=\"835\" src=\"https:\/\/globalonur.ro\/wp-content\/uploads\/2019\/09\/section-image-02.png\" class=\"attachment-full\" alt=\"\" title=\"section-image-02\" \/><\/div><\/div><\/div><\/div><div class=\"wpb_column vc_column_container vc_col-sm-6 rm-padding-lg\"><div class=\"vc_column-inner vc_custom_1569809477300\"><div class=\"wpb_wrapper\"><div id=\"ct-heading\" class=\"ct-heading align-left align-left-md align-left-sm align-left-xs\">\n    \n    \n                    <div class=\"ct-heading-sub sub-custom-title style2\" >\n            <span ><\/span>\n            R\u00f3lunk                    <\/div>\n        <h3 class=\"ct-heading-tag typing-style1custom-title\" style=\"color:#162171;font-weight:700; \">\n                                    A hullad\u00e9kokat<br \/>\na legjobb min\u0151s\u00e9g\u0171 <cite>alak\u00edtjuk!<\/cite>                                        <\/h3>\n            <div class=\"h-gap\"><i style=\"background-color:#162171\" ><\/i><\/div>\n        <\/div><div id=\"ct-text-block-69d2a0c0d13e2\" class=\"ct-text-block1   text-left ft-heading\" style=\"color:#3a505f;font-size:16px;line-height:30px;\">\n    <div class=\"ct-inline-css\"  data-css=\"                \">\n    <\/div>\n    <p>C\u00e9g\u00fcnk, S.C. GLOBAL ONUR PLAS S.R.L., f\u0151 tev\u00e9kenys\u00e9ge a sz\u00e9tv\u00e1logatott hullad\u00e9k anyagok \u00fajrahasznos\u00edt\u00e1sa (CAEN 383), vagyis a m\u0171anyag hullad\u00e9k\/m\u0171anyag csomagol\u00f3anyag gy\u0171jt\u00e9s\u00e9vel, kezel\u00e9s\u00e9vel \u00e9s \u00fajra feldolgoz\u00e1s\u00e1val foglalkozik.<\/p>\n<\/div><div class=\"vc_empty_space\"   style=\"height: 31px\"><span class=\"vc_empty_space_inner\"><\/span><\/div><\/div><\/div><\/div><div class=\"wpb_column vc_column_container vc_col-sm-12\"><div class=\"vc_column-inner\"><div class=\"wpb_wrapper\"><div id=\"ct-text-block-69d2a0c0d1a69\" class=\"ct-text-block1  vc_custom_1709902350103  text-left ft-heading\" style=\"color:#3a505f;font-size:16px;line-height:30px;\">\n    <div class=\"ct-inline-css\"  data-css=\"                \">\n    <\/div>\n    <p>Megv\u00e1s\u00e1roljuk \u00e9s \u00fajrahasznos\u00edtjuk a PP-t, PS-t, LDPE-t (alacsony s\u0171r\u0171s\u00e9g\u0171 polietil\u00e9nt) p\u00e9ld\u00e1ul: m\u0171anyag f\u00f3li\u00e1k, m\u0171anyag zacsk\u00f3k, m\u0171anyag csomagol\u00e1sok stb. \u00e9s HDPE (nagy s\u0171r\u0171s\u00e9g\u0171 polietil\u00e9n) p\u00e9ld\u00e1ul: mos\u00f3szerek, \u00f6bl\u00edt\u0151szerek, samponok, feh\u00e9r\u00edt\u0151k \u00e9s egy\u00e9b tiszt\u00edt\u00f3szerek stb.<\/p>\n<\/div><div class=\"ct-button-wrapper layout-normal align-center align-center-md align-center-sm align-center-xs\">\n\n    <a  href=\"https:\/\/globalonur.ro\/hu\/produse\/granule\/\" target=\"_self\" class=\"btn btn-default size-default no-shadow\">\n                    <span>Tov\u00e1bb<\/span>\n        \n                    <i class=\"fas fa-arrow-right\"><\/i>\n        \n            <\/a>\n\n<\/div><\/div><\/div><\/div><\/div><div class=\"vc_row-full-width vc_clearfix\"><\/div><div class=\"vc_row wpb_row vc_row-fluid bg-image-ps-inherit\"><div class=\"wpb_column vc_column_container vc_col-sm-12\"><div class=\"vc_column-inner vc_custom_1709899154439\"><div class=\"wpb_wrapper\"><div class=\"vc_row wpb_row vc_inner vc_row-fluid\"><div class=\"wpb_column vc_column_container vc_col-sm-6\"><div class=\"vc_column-inner\"><div class=\"wpb_wrapper\"><div id=\"ct-heading-2\" class=\"ct-heading align-left align-left-md align-left-sm align-left-xs\">\n            <style type=\"text\/css\">\n            @media (min-width: 991px) and (max-width: 1200px) {\n                #ct-heading-2 .ct-heading-tag {\n                                            font-size: 36px !important;\n                                                        }\n            }\n        <\/style>\n    \n            <style type=\"text\/css\">\n            @media (min-width: 768px) and (max-width: 991px) {\n                #ct-heading-2 .ct-heading-tag {\n                                            font-size: 32px !important;\n                                                        }\n            }\n        <\/style>\n    \n            <style type=\"text\/css\">\n            @media screen and (max-width: 767px) {\n                #ct-heading-2 .ct-heading-tag {\n                                            font-size: 32px !important;\n                                                        }\n            }\n        <\/style>\n                    <div class=\"ct-heading-sub sub- style1\" >\n            <span ><\/span>\n            Polietil\u00e9n cs\u00f6vek                    <\/div>\n        <h3 class=\"ct-heading-tag typing-style1\" style=\"color:#162171; \">\n                                    Teljes k\u00f6r\u0171 megold\u00e1st k\u00edn\u00e1lunk<br \/>\n<cite>v\u00edz-, \u00f6nt\u00f6z\u00e9si \u00e9s szennyv\u00edzelvezet\u0151 rendszerekhez.<\/cite>                                        <\/h3>\n            <div class=\"h-gap\"><i style=\"background-color:rgba(255,255,255,0.01)\" ><\/i><\/div>\n        <\/div>\n\t<div class=\"wpb_text_column wpb_content_element\" >\n\t\t<div class=\"wpb_wrapper\">\n\t\t\t<p>Cu un raport calitate-pre\u021b imbatabil, suntem un produc\u0103tor agrementat de \u021bevi din HDPE destinate lucr\u0103rilor de iriga\u021bii, instala\u021biilor de ap\u0103 \u0219i canalizare. Folosind at\u00e2t materiale de calitate, c\u00e2t \u0219i o procedura de extrudare precis\u0103, ob\u021binem o rezisten\u021b\u0103 in timp superioar\u0103 a produselor noastre.<\/p>\n<p>Va oferim o gam\u0103 variat\u0103 de \u021beav\u0103 HDPE sau conducte HDPE, cum mai sunt denumite. Aceasta este o \u021beav\u0103 de iriga\u021bii, foarte rezistenta la intemperii, din polietilena, de inalta rezistenta. Al\u0103turi de furtun de iriga\u021bii, \u021beav\u0103 de iriga\u021bii este indispensabila in realizarea unor sisteme de irigare complexe sau simple.<\/p>\n<p>Oferim un pachet complet de solu\u021bii pentru instala\u021bii de ap\u0103, iriga\u021bii si canalizare.<\/p>\n\n\t\t<\/div>\n\t<\/div>\n<\/div><\/div><\/div><div class=\"wpb_column vc_column_container vc_col-sm-6\"><div class=\"vc_column-inner\"><div class=\"wpb_wrapper\">\n\t<div  class=\"wpb_single_image wpb_content_element vc_align_left  inherit inherit\">\n\t\t\n\t\t<figure class=\"wpb_wrapper vc_figure\">\n\t\t\t<div class=\"vc_single_image-wrapper default  vc_box_border_grey\"><img loading=\"lazy\" decoding=\"async\" width=\"895\" height=\"916\" src=\"https:\/\/globalonur.ro\/wp-content\/uploads\/2024\/02\/IMG-20231031-WA0004.jpg\" class=\"vc_single_image-img attachment-full\" alt=\"\" title=\"IMG-20231031-WA0004\" srcset=\"https:\/\/globalonur.ro\/wp-content\/uploads\/2024\/02\/IMG-20231031-WA0004.jpg 895w, https:\/\/globalonur.ro\/wp-content\/uploads\/2024\/02\/IMG-20231031-WA0004-768x786.jpg 768w, https:\/\/globalonur.ro\/wp-content\/uploads\/2024\/02\/IMG-20231031-WA0004-12x12.jpg 12w\" sizes=\"auto, (max-width: 895px) 100vw, 895px\" \/><\/div>\n\t\t<\/figure>\n\t<\/div>\n<\/div><\/div><\/div><div class=\"wpb_column vc_column_container vc_col-sm-12\"><div class=\"vc_column-inner\"><div class=\"wpb_wrapper\">\n\t<div class=\"wpb_text_column wpb_content_element\" >\n\t\t<div class=\"wpb_wrapper\">\n\t\t\t<p>Cererea crescuta de produse pentru instala\u021bii de ap\u0103 \u0219i canalizare a fost pentru firma noastr\u0103 o provocare si acum suntem o for\u021b\u0103 \u00een ascensiune \u00een lumea produc\u021biei de \u021bevi din polietilen\u0103 de \u00eenalt\u0103 densitate (HDPE), redefinind standardele \u0219i consolid\u00e2ndu-ne pozi\u021bia ca inovatori \u0219i pionieri \u00een domeniu.<\/p>\n\n\t\t<\/div>\n\t<\/div>\n<\/div><\/div><\/div><\/div><div class=\"ct-button-wrapper layout-normal align-center align-center-md align-center-sm align-center-xs\">\n\n    <a  href=\"https:\/\/globalonur.ro\/hu\/produse\/tevi\/\" target=\"_self\" class=\"btn btn-default size-default no-shadow\">\n                    <span>Tov\u00e1bb<\/span>\n        \n                    <i class=\"fas fa-arrow-right\"><\/i>\n        \n            <\/a>\n\n<\/div><\/div><\/div><\/div><\/div>\n<\/section>","protected":false},"excerpt":{"rendered":"Despre Noi Transform\u0103m de\u0219eurile \u00eentr-o materie prim\u0103 de cea mai bun\u0103 calitate! Firma noastr\u0103, S.C. GLOBAL ONUR PLAS S.R.L. (Sfantu Gheorghe), are ca activitate principal\u0103 recuperarea materialelor reciclabile sortate (CAEN 383). Adic\u0103 se ocup\u0103 cu colectarea, tratarea \u0219i eliminarea de\u0219eurilor de mase plastice\/ambalaje plastice. Cump\u0103r\u0103m \u0219i recicl\u0103m PP, PS, LDPE (polietilen\u0103 cu densitate mic\u0103) de [...]","protected":false},"author":1,"featured_media":1785,"parent":0,"menu_order":0,"comment_status":"closed","ping_status":"closed","template":"","meta":{"footnotes":""},"class_list":["post-1840","page","type-page","status-publish","has-post-thumbnail","hentry"],"yoast_head":"<!-- This site is optimized with the Yoast SEO plugin v20.10 - https:\/\/yoast.com\/wordpress\/plugins\/seo\/ -->\n<title>Despre Noi - Globalonur<\/title>\n<meta name=\"robots\" content=\"index, follow, max-snippet:-1, max-image-preview:large, max-video-preview:-1\" \/>\n<link rel=\"canonical\" href=\"https:\/\/globalonur.ro\/hu\/despre-noi\/\" \/>\n<meta property=\"og:locale\" content=\"hu_HU\" \/>\n<meta property=\"og:type\" content=\"article\" \/>\n<meta property=\"og:title\" content=\"Despre Noi - Globalonur\" \/>\n<meta property=\"og:url\" content=\"https:\/\/globalonur.ro\/hu\/despre-noi\/\" \/>\n<meta property=\"og:site_name\" content=\"Globalonur\" \/>\n<meta property=\"article:publisher\" content=\"https:\/\/www.facebook.com\/profile.php?id=100088675112422\" \/>\n<meta property=\"article:modified_time\" content=\"2024-03-08T15:30:55+00:00\" \/>\n<meta property=\"og:image\" content=\"https:\/\/globalonur.ro\/wp-content\/uploads\/2023\/01\/h5-layer1-scaled-e1673358311274.jpg\" \/>\n\t<meta property=\"og:image:width\" content=\"1413\" \/>\n\t<meta property=\"og:image:height\" content=\"1536\" \/>\n\t<meta property=\"og:image:type\" content=\"image\/jpeg\" \/>\n<meta name=\"twitter:card\" content=\"summary_large_image\" \/>\n<meta name=\"twitter:label1\" content=\"Becs\u00fclt olvas\u00e1si id\u0151\" \/>\n\t<meta name=\"twitter:data1\" content=\"3 perc\" \/>\n<script type=\"application\/ld+json\" class=\"yoast-schema-graph\">{\"@context\":\"https:\/\/schema.org\",\"@graph\":[{\"@type\":\"WebPage\",\"@id\":\"https:\/\/globalonur.ro\/despre-noi\/\",\"url\":\"https:\/\/globalonur.ro\/despre-noi\/\",\"name\":\"Despre Noi - Globalonur\",\"isPartOf\":{\"@id\":\"https:\/\/globalonur.ro\/hu\/#website\"},\"datePublished\":\"2023-11-18T10:31:42+00:00\",\"dateModified\":\"2024-03-08T15:30:55+00:00\",\"breadcrumb\":{\"@id\":\"https:\/\/globalonur.ro\/despre-noi\/#breadcrumb\"},\"inLanguage\":\"hu\",\"potentialAction\":[{\"@type\":\"ReadAction\",\"target\":[\"https:\/\/globalonur.ro\/despre-noi\/\"]}]},{\"@type\":\"BreadcrumbList\",\"@id\":\"https:\/\/globalonur.ro\/despre-noi\/#breadcrumb\",\"itemListElement\":[{\"@type\":\"ListItem\",\"position\":1,\"name\":\"Home\",\"item\":\"https:\/\/globalonur.ro\/\"},{\"@type\":\"ListItem\",\"position\":2,\"name\":\"Despre Noi\"}]},{\"@type\":\"WebSite\",\"@id\":\"https:\/\/globalonur.ro\/hu\/#website\",\"url\":\"https:\/\/globalonur.ro\/hu\/\",\"name\":\"Globalonur\",\"description\":\"Colectarea Eliminarea De\u0219eurilor Plastice.\",\"publisher\":{\"@id\":\"https:\/\/globalonur.ro\/hu\/#organization\"},\"alternateName\":\"Global onur plas\",\"potentialAction\":[{\"@type\":\"SearchAction\",\"target\":{\"@type\":\"EntryPoint\",\"urlTemplate\":\"https:\/\/globalonur.ro\/hu\/?s={search_term_string}\"},\"query-input\":\"required name=search_term_string\"}],\"inLanguage\":\"hu\"},{\"@type\":\"Organization\",\"@id\":\"https:\/\/globalonur.ro\/hu\/#organization\",\"name\":\"Global Onur Plas\",\"alternateName\":\"S.C. GLOBAL ONUR PLAS S.R.L.\",\"url\":\"https:\/\/globalonur.ro\/hu\/\",\"logo\":{\"@type\":\"ImageObject\",\"inLanguage\":\"hu\",\"@id\":\"https:\/\/globalonur.ro\/hu\/#\/schema\/logo\/image\/\",\"url\":\"https:\/\/globalonur.ro\/wp-content\/uploads\/2022\/12\/logoglobal-2-e1671467123300.jpg\",\"contentUrl\":\"https:\/\/globalonur.ro\/wp-content\/uploads\/2022\/12\/logoglobal-2-e1671467123300.jpg\",\"width\":474,\"height\":114,\"caption\":\"Global Onur Plas\"},\"image\":{\"@id\":\"https:\/\/globalonur.ro\/hu\/#\/schema\/logo\/image\/\"},\"sameAs\":[\"https:\/\/www.facebook.com\/profile.php?id=100088675112422\"]}]}<\/script>\n<!-- \/ Yoast SEO plugin. -->","yoast_head_json":{"title":"Despre Noi - Globalonur","robots":{"index":"index","follow":"follow","max-snippet":"max-snippet:-1","max-image-preview":"max-image-preview:large","max-video-preview":"max-video-preview:-1"},"canonical":"https:\/\/globalonur.ro\/hu\/despre-noi\/","og_locale":"hu_HU","og_type":"article","og_title":"Despre Noi - Globalonur","og_url":"https:\/\/globalonur.ro\/hu\/despre-noi\/","og_site_name":"Globalonur","article_publisher":"https:\/\/www.facebook.com\/profile.php?id=100088675112422","article_modified_time":"2024-03-08T15:30:55+00:00","og_image":[{"width":1413,"height":1536,"url":"https:\/\/globalonur.ro\/wp-content\/uploads\/2023\/01\/h5-layer1-scaled-e1673358311274.jpg","type":"image\/jpeg"}],"twitter_card":"summary_large_image","twitter_misc":{"Becs\u00fclt olvas\u00e1si id\u0151":"3 perc"},"schema":{"@context":"https:\/\/schema.org","@graph":[{"@type":"WebPage","@id":"https:\/\/globalonur.ro\/despre-noi\/","url":"https:\/\/globalonur.ro\/despre-noi\/","name":"Despre Noi - Globalonur","isPartOf":{"@id":"https:\/\/globalonur.ro\/hu\/#website"},"datePublished":"2023-11-18T10:31:42+00:00","dateModified":"2024-03-08T15:30:55+00:00","breadcrumb":{"@id":"https:\/\/globalonur.ro\/despre-noi\/#breadcrumb"},"inLanguage":"hu","potentialAction":[{"@type":"ReadAction","target":["https:\/\/globalonur.ro\/despre-noi\/"]}]},{"@type":"BreadcrumbList","@id":"https:\/\/globalonur.ro\/despre-noi\/#breadcrumb","itemListElement":[{"@type":"ListItem","position":1,"name":"Home","item":"https:\/\/globalonur.ro\/"},{"@type":"ListItem","position":2,"name":"Despre Noi"}]},{"@type":"WebSite","@id":"https:\/\/globalonur.ro\/hu\/#website","url":"https:\/\/globalonur.ro\/hu\/","name":"Globalonur","description":"Colectarea Eliminarea De\u0219eurilor Plastice.","publisher":{"@id":"https:\/\/globalonur.ro\/hu\/#organization"},"alternateName":"Global onur plas","potentialAction":[{"@type":"SearchAction","target":{"@type":"EntryPoint","urlTemplate":"https:\/\/globalonur.ro\/hu\/?s={search_term_string}"},"query-input":"required name=search_term_string"}],"inLanguage":"hu"},{"@type":"Organization","@id":"https:\/\/globalonur.ro\/hu\/#organization","name":"Global Onur Plas","alternateName":"S.C. GLOBAL ONUR PLAS S.R.L.","url":"https:\/\/globalonur.ro\/hu\/","logo":{"@type":"ImageObject","inLanguage":"hu","@id":"https:\/\/globalonur.ro\/hu\/#\/schema\/logo\/image\/","url":"https:\/\/globalonur.ro\/wp-content\/uploads\/2022\/12\/logoglobal-2-e1671467123300.jpg","contentUrl":"https:\/\/globalonur.ro\/wp-content\/uploads\/2022\/12\/logoglobal-2-e1671467123300.jpg","width":474,"height":114,"caption":"Global Onur Plas"},"image":{"@id":"https:\/\/globalonur.ro\/hu\/#\/schema\/logo\/image\/"},"sameAs":["https:\/\/www.facebook.com\/profile.php?id=100088675112422"]}]}},"_links":{"self":[{"href":"https:\/\/globalonur.ro\/hu\/wp-json\/wp\/v2\/pages\/1840","targetHints":{"allow":["GET"]}}],"collection":[{"href":"https:\/\/globalonur.ro\/hu\/wp-json\/wp\/v2\/pages"}],"about":[{"href":"https:\/\/globalonur.ro\/hu\/wp-json\/wp\/v2\/types\/page"}],"author":[{"embeddable":true,"href":"https:\/\/globalonur.ro\/hu\/wp-json\/wp\/v2\/users\/1"}],"replies":[{"embeddable":true,"href":"https:\/\/globalonur.ro\/hu\/wp-json\/wp\/v2\/comments?post=1840"}],"version-history":[{"count":26,"href":"https:\/\/globalonur.ro\/hu\/wp-json\/wp\/v2\/pages\/1840\/revisions"}],"predecessor-version":[{"id":1944,"href":"https:\/\/globalonur.ro\/hu\/wp-json\/wp\/v2\/pages\/1840\/revisions\/1944"}],"wp:featuredmedia":[{"embeddable":true,"href":"https:\/\/globalonur.ro\/hu\/wp-json\/wp\/v2\/media\/1785"}],"wp:attachment":[{"href":"https:\/\/globalonur.ro\/hu\/wp-json\/wp\/v2\/media?parent=1840"}],"curies":[{"name":"wp","href":"https:\/\/api.w.org\/{rel}","templated":true}]}}